{"id":863,"date":"2022-05-23T18:22:39","date_gmt":"2022-05-23T18:22:39","guid":{"rendered":"http:\/\/www.tecnigom.com.uy\/web\/?page_id=863"},"modified":"2022-10-25T15:46:51","modified_gmt":"2022-10-25T15:46:51","slug":"disenio-de-experimentos","status":"publish","type":"page","link":"http:\/\/www.tecnigom.com.uy\/web\/disenio-de-experimentos\/","title":{"rendered":"Dise\u00f1o de Experimentos"},"content":{"rendered":"<p>[et_pb_section fb_built=&#8221;1&#8243; fullwidth=&#8221;on&#8221; admin_label=&#8221;Section&#8221; _builder_version=&#8221;4.17.4&#8243; _module_preset=&#8221;default&#8221; da_disable_devices=&#8221;off|off|off&#8221; global_colors_info=&#8221;{}&#8221; da_is_popup=&#8221;off&#8221; da_exit_intent=&#8221;off&#8221; da_has_close=&#8221;on&#8221; da_alt_close=&#8221;off&#8221; da_dark_close=&#8221;off&#8221; da_not_modal=&#8221;on&#8221; da_is_singular=&#8221;off&#8221; da_with_loader=&#8221;off&#8221; da_has_shadow=&#8221;on&#8221;][et_pb_fullwidth_slider _builder_version=&#8221;4.17.4&#8243; _module_preset=&#8221;default&#8221; global_colors_info=&#8221;{}&#8221;][et_pb_slide heading=&#8221;Dise\u00f1o de Experimentos&#8221; use_bg_overlay=&#8221;off&#8221; use_text_overlay=&#8221;off&#8221; _builder_version=&#8221;4.17.4&#8243; _module_preset=&#8221;default&#8221; background_image=&#8221;http:\/\/www.tecnigom.com.uy\/web\/wp-content\/uploads\/2022\/09\/2121.jpg&#8221; background_enable_image=&#8221;on&#8221; background_blend=&#8221;multiply&#8221; global_colors_info=&#8221;{}&#8221; sticky_transition=&#8221;on&#8221;][\/et_pb_slide][\/et_pb_fullwidth_slider][\/et_pb_section][et_pb_section fb_built=&#8221;1&#8243; _builder_version=&#8221;4.17.4&#8243; _module_preset=&#8221;default&#8221; da_disable_devices=&#8221;off|off|off&#8221; global_colors_info=&#8221;{}&#8221; da_is_popup=&#8221;off&#8221; da_exit_intent=&#8221;off&#8221; da_has_close=&#8221;on&#8221; da_alt_close=&#8221;off&#8221; da_dark_close=&#8221;off&#8221; da_not_modal=&#8221;on&#8221; da_is_singular=&#8221;off&#8221; da_with_loader=&#8221;off&#8221; da_has_shadow=&#8221;on&#8221;][et_pb_row _builder_version=&#8221;4.17.4&#8243; _module_preset=&#8221;default&#8221; global_colors_info=&#8221;{}&#8221;][et_pb_column type=&#8221;4_4&#8243; _builder_version=&#8221;4.17.4&#8243; _module_preset=&#8221;default&#8221; global_colors_info=&#8221;{}&#8221;][et_pb_cta _builder_version=&#8221;4.17.4&#8243; _module_preset=&#8221;default&#8221; header_text_align=&#8221;center&#8221; header_text_color=&#8221;#000000&#8243; header_font_size=&#8221;50px&#8221; background_color=&#8221;#FFFFFF&#8221; background_enable_image=&#8221;off&#8221; background_enable_pattern_style=&#8221;on&#8221; background_pattern_style=&#8221;diagonal-stripes-2&#8243; border_radii=&#8221;on|20px|20px|20px|20px&#8221; box_shadow_style=&#8221;preset3&#8243; global_colors_info=&#8221;{}&#8221;]<\/p>\n<p style=\"text-align: center;\"><img loading=\"lazy\" src=\"http:\/\/www.tecnigom.com.uy\/web\/wp-content\/uploads\/2022\/09\/logo_se.png\" width=\"288\" height=\"119\" alt=\"\" class=\"wp-image-247624 alignnone size-full\" \/><\/p>\n<p>[\/et_pb_cta][\/et_pb_column][\/et_pb_row][et_pb_row column_structure=&#8221;1_2,1_2&#8243; _builder_version=&#8221;4.17.4&#8243; _module_preset=&#8221;default&#8221; global_colors_info=&#8221;{}&#8221;][et_pb_column type=&#8221;1_2&#8243; _builder_version=&#8221;4.17.4&#8243; _module_preset=&#8221;default&#8221; global_colors_info=&#8221;{}&#8221;][et_pb_text _builder_version=&#8221;4.17.4&#8243; _module_preset=&#8221;default&#8221; global_colors_info=&#8221;{}&#8221;]<\/p>\n<p><span lang=\"ES-UY\">Un producto mejor. Un proceso mejorado. Stat-Ease, con su experiencia en el dise\u00f1o de experimentos, lleva ayudando a las personas a realizar avances desde 1985. Descubra c\u00f3mo nuestro nuevo software Stat-Ease 360, la formaci\u00f3n, los libros y la consultor\u00eda pueden ayudarle a mejorar sus resultados.<\/span><\/p>\n<p>[\/et_pb_text][et_pb_text _builder_version=&#8221;4.17.4&#8243; _module_preset=&#8221;default&#8221; custom_padding=&#8221;||3px|||&#8221; link_option_url=&#8221;https:\/\/www.statease.com\/&#8221; link_option_url_new_window=&#8221;on&#8221; global_colors_info=&#8221;{}&#8221;]<\/p>\n<p><span lang=\"ES-UY\"><strong>Tecnigom<\/strong> es representante de StatEase para Uruguay y algunos pa\u00edses de Am\u00e9rica Latina. Por m\u00e1s informaci\u00f3n, puede ingresar a: <a href=\"https:\/\/www.statease.com\/\" target=\"_blank\" rel=\"noopener\">statease.com<\/a><\/span><\/p>\n<p>[\/et_pb_text][\/et_pb_column][et_pb_column type=&#8221;1_2&#8243; _builder_version=&#8221;4.17.4&#8243; _module_preset=&#8221;default&#8221; global_colors_info=&#8221;{}&#8221;][et_pb_image src=&#8221;http:\/\/www.tecnigom.com.uy\/web\/wp-content\/uploads\/2022\/08\/21548754.jpg&#8221; title_text=&#8221;21548754&#8243; _builder_version=&#8221;4.17.4&#8243; _module_preset=&#8221;default&#8221; border_radii=&#8221;on|20px|20px|20px|20px&#8221; box_shadow_style=&#8221;preset1&#8243; global_colors_info=&#8221;{}&#8221;][\/et_pb_image][\/et_pb_column][\/et_pb_row][et_pb_row _builder_version=&#8221;4.17.4&#8243; _module_preset=&#8221;default&#8221; column_structure=&#8221;1_2,1_2&#8243; custom_margin=&#8221;||60px||false|false&#8221; hover_enabled=&#8221;0&#8243; sticky_enabled=&#8221;0&#8243;][et_pb_column _builder_version=&#8221;4.17.4&#8243; _module_preset=&#8221;default&#8221; type=&#8221;1_2&#8243;][et_pb_image src=&#8221;http:\/\/www.tecnigom.com.uy\/web\/wp-content\/uploads\/2022\/09\/2154878421011.jpg&#8221; _builder_version=&#8221;4.17.4&#8243; _module_preset=&#8221;default&#8221; hover_enabled=&#8221;0&#8243; sticky_enabled=&#8221;0&#8243; title_text=&#8221;2154878421011&#8243; align=&#8221;center&#8221; border_radii=&#8221;on|15px|15px|15px|15px&#8221; border_width_all=&#8221;1px&#8221; box_shadow_style=&#8221;preset3&#8243;][\/et_pb_image][et_pb_text _builder_version=&#8221;4.17.4&#8243; _module_preset=&#8221;default&#8221; hover_enabled=&#8221;0&#8243; sticky_enabled=&#8221;0&#8243;]<\/p>\n<h2 style=\"text-align: center;\">Stat-Ease 360<\/h2>\n<p style=\"text-align: center;\"><em><strong>El dise\u00f1o de experimentos (DOE) se hace m\u00e1s potente<\/strong><\/em><\/p>\n<p>[\/et_pb_text][et_pb_text _builder_version=&#8221;4.17.4&#8243; _module_preset=&#8221;default&#8221; hover_enabled=&#8221;0&#8243; sticky_enabled=&#8221;0&#8243;]<\/p>\n<p><strong><em>Realice mejoras revolucionarias en su producto y proceso con Stat-Ease 360. <\/em><\/strong><\/p>\n<p><span>Esta versi\u00f3n \u201cpro\u201d ampl\u00eda el software Design-Expert con funciones de alto nivel para usuarios avanzados. Aprovechando el mismo flujo de trabajo racionalizado que hace que Design-Expert sea el mejor de su clase para el dise\u00f1o de experimentos, los profesionales t\u00e9cnicos que ejecutan experimentos por ordenador o que desean implementar scripts de Python pueden ahora aprovechar todas las nuevas funcionalidades. <\/span><\/p>\n<p>[\/et_pb_text][\/et_pb_column][et_pb_column _builder_version=&#8221;4.17.4&#8243; _module_preset=&#8221;default&#8221; type=&#8221;1_2&#8243;][et_pb_image src=&#8221;http:\/\/www.tecnigom.com.uy\/web\/wp-content\/uploads\/2022\/09\/0212454587.jpg&#8221; _builder_version=&#8221;4.17.4&#8243; _module_preset=&#8221;default&#8221; hover_enabled=&#8221;0&#8243; sticky_enabled=&#8221;0&#8243; title_text=&#8221;0212454587&#8243; align=&#8221;center&#8221; border_radii=&#8221;on|15px|15px|15px|15px&#8221; border_width_all=&#8221;1px&#8221; box_shadow_style=&#8221;preset3&#8243;][\/et_pb_image][et_pb_text _builder_version=&#8221;4.17.4&#8243; _module_preset=&#8221;default&#8221; hover_enabled=&#8221;0&#8243; sticky_enabled=&#8221;0&#8243;]<\/p>\n<h2 style=\"text-align: center;\"><span lang=\"ES-UY\">DesignExpert 13<\/span><\/h2>\n<p style=\"text-align: center;\"><em><strong>El dise\u00f1o de experimentos (DOE) es f\u00e1cil<\/strong><\/em><\/p>\n<p>[\/et_pb_text][et_pb_text _builder_version=&#8221;4.17.4&#8243; _module_preset=&#8221;default&#8221; hover_enabled=&#8221;0&#8243; sticky_enabled=&#8221;0&#8243;]<\/p>\n<p><em><strong>Realice mejoras revolucionarias en su producto y proceso con el software Design-Expert. <\/strong><\/em><\/p>\n<p>Busque factores y componentes fundamentales, caracterice las interacciones y, en \u00faltima instancia, consiga los ajustes \u00f3ptimos del proceso y las recetas del producto.<\/p>\n<p>Establezca indicadores y explore los contornos en gr\u00e1ficos 2D interactivos; luego visualice la superficie de respuesta desde todos los \u00e1ngulos con gr\u00e1ficos 3D.<\/p>\n<p>[\/et_pb_text][\/et_pb_column][\/et_pb_row][et_pb_row _builder_version=&#8221;4.17.4&#8243; _module_preset=&#8221;default&#8221; background_image=&#8221;http:\/\/www.tecnigom.com.uy\/web\/wp-content\/uploads\/2022\/08\/21548754.jpg&#8221; parallax=&#8221;on&#8221; border_radii=&#8221;on|20px|20px|20px|20px&#8221; box_shadow_style=&#8221;preset3&#8243; global_colors_info=&#8221;{}&#8221;][et_pb_column type=&#8221;4_4&#8243; _builder_version=&#8221;4.17.4&#8243; _module_preset=&#8221;default&#8221; global_colors_info=&#8221;{}&#8221;][et_pb_cta title=&#8221;Encuentre m\u00e1s informaci\u00f3n de&#8221; button_text=&#8221;Click Here&#8221; _builder_version=&#8221;4.17.4&#8243; _module_preset=&#8221;default&#8221; background_enable_image=&#8221;off&#8221; parallax=&#8221;on&#8221; global_colors_info=&#8221;{}&#8221;]<\/p>\n<h1>Nuestros principales productos<\/h1>\n<p>[\/et_pb_cta][\/et_pb_column][\/et_pb_row][et_pb_row _builder_version=&#8221;4.17.4&#8243; _module_preset=&#8221;default&#8221; global_colors_info=&#8221;{}&#8221;][et_pb_column type=&#8221;4_4&#8243; _builder_version=&#8221;4.17.4&#8243; _module_preset=&#8221;default&#8221; global_colors_info=&#8221;{}&#8221;][et_pb_button button_url=&#8221;http:\/\/www.tecnigom.com.uy\/web\/productos\/&#8221; button_text=&#8221;Siga este enlace&#8221; button_alignment=&#8221;center&#8221; _builder_version=&#8221;4.17.4&#8243; _module_preset=&#8221;default&#8221; custom_button=&#8221;on&#8221; button_border_width=&#8221;2px&#8221; button_border_radius=&#8221;11px&#8221; button_letter_spacing=&#8221;0px&#8221; global_colors_info=&#8221;{}&#8221;][\/et_pb_button][\/et_pb_column][\/et_pb_row][\/et_pb_section][et_pb_section fb_built=&#8221;1&#8243; fullwidth=&#8221;on&#8221; admin_label=&#8221;Section&#8221; _builder_version=&#8221;4.17.4&#8243; _module_preset=&#8221;default&#8221; da_disable_devices=&#8221;off|off|off&#8221; global_colors_info=&#8221;{}&#8221; da_is_popup=&#8221;off&#8221; da_exit_intent=&#8221;off&#8221; da_has_close=&#8221;on&#8221; da_alt_close=&#8221;off&#8221; da_dark_close=&#8221;off&#8221; da_not_modal=&#8221;on&#8221; da_is_singular=&#8221;off&#8221; da_with_loader=&#8221;off&#8221; da_has_shadow=&#8221;on&#8221;][et_pb_fullwidth_image src=&#8221;http:\/\/www.tecnigom.com.uy\/web\/wp-content\/uploads\/2022\/09\/2125787.jpg&#8221; title_text=&#8221;2125787&#8243; _builder_version=&#8221;4.17.4&#8243; _module_preset=&#8221;default&#8221; global_colors_info=&#8221;{}&#8221;][\/et_pb_fullwidth_image][\/et_pb_section]<\/p>\n","protected":false},"excerpt":{"rendered":"<p>Un producto mejor. Un proceso mejorado. Stat-Ease, con su experiencia en el dise\u00f1o de experimentos, lleva ayudando a las personas a realizar avances desde 1985. Descubra c\u00f3mo nuestro nuevo software Stat-Ease 360, la formaci\u00f3n, los libros y la consultor\u00eda pueden ayudarle a mejorar sus resultados.Tecnigom es representante de StatEase para Uruguay y algunos pa\u00edses de [&hellip;]<\/p>\n","protected":false},"author":1,"featured_media":0,"parent":0,"menu_order":0,"comment_status":"closed","ping_status":"closed","template":"","meta":{"_et_pb_use_builder":"on","_et_pb_old_content":"<p>&nbsp;<\/p>\r\n<!-- wp:divi\/placeholder \/-->","_et_gb_content_width":""},"_links":{"self":[{"href":"http:\/\/www.tecnigom.com.uy\/web\/wp-json\/wp\/v2\/pages\/863"}],"collection":[{"href":"http:\/\/www.tecnigom.com.uy\/web\/wp-json\/wp\/v2\/pages"}],"about":[{"href":"http:\/\/www.tecnigom.com.uy\/web\/wp-json\/wp\/v2\/types\/page"}],"author":[{"embeddable":true,"href":"http:\/\/www.tecnigom.com.uy\/web\/wp-json\/wp\/v2\/users\/1"}],"replies":[{"embeddable":true,"href":"http:\/\/www.tecnigom.com.uy\/web\/wp-json\/wp\/v2\/comments?post=863"}],"version-history":[{"count":28,"href":"http:\/\/www.tecnigom.com.uy\/web\/wp-json\/wp\/v2\/pages\/863\/revisions"}],"predecessor-version":[{"id":247695,"href":"http:\/\/www.tecnigom.com.uy\/web\/wp-json\/wp\/v2\/pages\/863\/revisions\/247695"}],"wp:attachment":[{"href":"http:\/\/www.tecnigom.com.uy\/web\/wp-json\/wp\/v2\/media?parent=863"}],"curies":[{"name":"wp","href":"https:\/\/api.w.org\/{rel}","templated":true}]}}