{"id":861,"date":"2022-05-23T18:22:12","date_gmt":"2022-05-23T18:22:12","guid":{"rendered":"http:\/\/www.tecnigom.com.uy\/web\/?page_id=861"},"modified":"2022-11-04T17:18:59","modified_gmt":"2022-11-04T17:18:59","slug":"nuestra-empresa","status":"publish","type":"page","link":"http:\/\/www.tecnigom.com.uy\/web\/nuestra-empresa\/","title":{"rendered":"Nuestra Empresa"},"content":{"rendered":"<p>[et_pb_section fb_built=&#8221;1&#8243; fullwidth=&#8221;on&#8221; _builder_version=&#8221;4.17.4&#8243; _module_preset=&#8221;default&#8221; da_disable_devices=&#8221;off|off|off&#8221; global_colors_info=&#8221;{}&#8221; da_is_popup=&#8221;off&#8221; da_exit_intent=&#8221;off&#8221; da_has_close=&#8221;on&#8221; da_alt_close=&#8221;off&#8221; da_dark_close=&#8221;off&#8221; da_not_modal=&#8221;on&#8221; da_is_singular=&#8221;off&#8221; da_with_loader=&#8221;off&#8221; da_has_shadow=&#8221;on&#8221;][et_pb_fullwidth_slider _builder_version=&#8221;4.17.4&#8243; _module_preset=&#8221;default&#8221; global_colors_info=&#8221;{}&#8221;][et_pb_slide heading=&#8221;Nuestra Empresa&#8221; use_bg_overlay=&#8221;off&#8221; use_text_overlay=&#8221;off&#8221; _builder_version=&#8221;4.17.4&#8243; _module_preset=&#8221;default&#8221; background_image=&#8221;http:\/\/www.tecnigom.com.uy\/web\/wp-content\/uploads\/2022\/05\/paint4.jpg&#8221; background_enable_image=&#8221;on&#8221; global_colors_info=&#8221;{}&#8221; sticky_transition=&#8221;on&#8221;][\/et_pb_slide][\/et_pb_fullwidth_slider][\/et_pb_section][et_pb_section fb_built=&#8221;1&#8243; _builder_version=&#8221;4.17.4&#8243; _module_preset=&#8221;default&#8221; custom_padding=&#8221;||||false|false&#8221; da_disable_devices=&#8221;off|off|off&#8221; global_colors_info=&#8221;{}&#8221; da_is_popup=&#8221;off&#8221; da_exit_intent=&#8221;off&#8221; da_has_close=&#8221;on&#8221; da_alt_close=&#8221;off&#8221; da_dark_close=&#8221;off&#8221; da_not_modal=&#8221;on&#8221; da_is_singular=&#8221;off&#8221; da_with_loader=&#8221;off&#8221; da_has_shadow=&#8221;on&#8221;][et_pb_row column_structure=&#8221;1_2,1_2&#8243; _builder_version=&#8221;4.17.4&#8243; _module_preset=&#8221;default&#8221; custom_margin=&#8221;||0px||false|false&#8221; custom_padding=&#8221;||0px||false|false&#8221; global_colors_info=&#8221;{}&#8221;][et_pb_column type=&#8221;1_2&#8243; _builder_version=&#8221;4.17.4&#8243; _module_preset=&#8221;default&#8221; global_colors_info=&#8221;{}&#8221;][et_pb_text _builder_version=&#8221;4.17.4&#8243; _module_preset=&#8221;default&#8221; global_colors_info=&#8221;{}&#8221;]<\/p>\n<p><strong>Tecnigom Ltda. comenz\u00f3 sus actividades en el a\u00f1o 1992. Es una empresa t\u00e9cnico-comercial al servicio de la Industria Uruguaya.<\/strong><\/p>\n<p>Se inici\u00f3 con el asesoramiento t\u00e9cnico y ensayos para la industria del caucho, incorporando con el paso del tiempo materias primas para esta y otras industrias como ser las del pl\u00e1stico y la pintura.<\/p>\n<p>Desde sus comienzos la industria nos reconoce como proveedores especializados y confiables de materias primas.<\/p>\n<p>Muchas empresas del exterior nos han confiado el manejo de sus productos para el Uruguay.<\/p>\n<p>Colocamos a disposici\u00f3n de la industria, los mejores productos de reconocidas empresas internacionales, con un cuidadoso manejo del inventario y entregas \u201cjust in time\u201d.<\/p>\n<p>[\/et_pb_text][et_pb_text _builder_version=&#8221;4.17.4&#8243; _module_preset=&#8221;default&#8221; global_colors_info=&#8221;{}&#8221;]<\/p>\n<p><strong>Representamos y distribuimos en exclusividad para el Uruguay, una l\u00ednea completa de productos de altas prestaciones para los mercados del caucho, pl\u00e1stico, pintura y especialidades.<\/strong><\/p>\n<p>En forma permanente estamos introduciendo al mercado nuevos y mejores productos. De este modo hemos ayudado a nuestros clientes a posicionarse adecuadamente en el mercado globalizado actual.<\/p>\n<p>Empleamos dep\u00f3sitos y distribuci\u00f3n propios y tambi\u00e9n tercerizados, fiscales, intra y extraportuarios, a fin de llegar a nuestros clientes con la mejor relaci\u00f3n precio\/calidad y cuidando siempre el mantenimiento del inventario.<\/p>\n<p>Mantenemos un trato directo y personalizado con nuestros clientes, procurando dar siempre un servicio de primer nivel.<\/p>\n<p>Gracias a una estrecha colaboraci\u00f3n con nuestros proveedores del exterior, basada en la confianza mutua y en un relacionamiento de largo plazo, podemos responder a sus necesidades y aportarle innovaci\u00f3n en sus productos.<\/p>\n<p>[\/et_pb_text][\/et_pb_column][et_pb_column type=&#8221;1_2&#8243; _builder_version=&#8221;4.17.4&#8243; _module_preset=&#8221;default&#8221; global_colors_info=&#8221;{}&#8221;][et_pb_image src=&#8221;http:\/\/www.tecnigom.com.uy\/web\/wp-content\/uploads\/2022\/05\/logo_img_3.jpg&#8221; title_text=&#8221;logo_img_3&#8243; _builder_version=&#8221;4.17.4&#8243; _module_preset=&#8221;default&#8221; border_radii=&#8221;on|10px|10px|10px|10px&#8221; box_shadow_style=&#8221;preset3&#8243; global_colors_info=&#8221;{}&#8221;][\/et_pb_image][\/et_pb_column][\/et_pb_row][\/et_pb_section][et_pb_section fb_built=&#8221;1&#8243; fullwidth=&#8221;on&#8221; _builder_version=&#8221;4.17.4&#8243; _module_preset=&#8221;default&#8221; custom_margin=&#8221;0px||||false|false&#8221; custom_padding=&#8221;0px||||false|false&#8221; da_disable_devices=&#8221;off|off|off&#8221; global_colors_info=&#8221;{}&#8221; da_is_popup=&#8221;off&#8221; da_exit_intent=&#8221;off&#8221; da_has_close=&#8221;on&#8221; da_alt_close=&#8221;off&#8221; da_dark_close=&#8221;off&#8221; da_not_modal=&#8221;on&#8221; da_is_singular=&#8221;off&#8221; da_with_loader=&#8221;off&#8221; da_has_shadow=&#8221;on&#8221;][et_pb_fullwidth_image src=&#8221;http:\/\/www.tecnigom.com.uy\/web\/wp-content\/uploads\/2022\/08\/2154548787.jpg&#8221; title_text=&#8221;2154548787&#8243; _builder_version=&#8221;4.17.4&#8243; _module_preset=&#8221;default&#8221; global_colors_info=&#8221;{}&#8221;][\/et_pb_fullwidth_image][\/et_pb_section][et_pb_section fb_built=&#8221;1&#8243; _builder_version=&#8221;4.17.4&#8243; _module_preset=&#8221;default&#8221; custom_margin=&#8221;||||false|false&#8221; custom_padding=&#8221;0px||||false|false&#8221; da_disable_devices=&#8221;off|off|off&#8221; global_colors_info=&#8221;{}&#8221; da_is_popup=&#8221;off&#8221; da_exit_intent=&#8221;off&#8221; da_has_close=&#8221;on&#8221; da_alt_close=&#8221;off&#8221; da_dark_close=&#8221;off&#8221; da_not_modal=&#8221;on&#8221; da_is_singular=&#8221;off&#8221; da_with_loader=&#8221;off&#8221; da_has_shadow=&#8221;on&#8221;][et_pb_row _builder_version=&#8221;4.17.4&#8243; _module_preset=&#8221;default&#8221; background_enable_image=&#8221;off&#8221; parallax=&#8221;on&#8221; global_colors_info=&#8221;{}&#8221;][et_pb_column type=&#8221;4_4&#8243; _builder_version=&#8221;4.17.4&#8243; _module_preset=&#8221;default&#8221; global_colors_info=&#8221;{}&#8221;][et_pb_cta title=&#8221;CAPACITACI\u00d3N&#8221; button_text=&#8221;Click Here&#8221; _builder_version=&#8221;4.17.4&#8243; _module_preset=&#8221;default&#8221; header_level=&#8221;h1&#8243; header_line_height=&#8221;1.5em&#8221; body_text_align=&#8221;left&#8221; background_color=&#8221;RGBA(255,255,255,0)&#8221; background_image=&#8221;http:\/\/www.tecnigom.com.uy\/web\/wp-content\/uploads\/2022\/08\/21584548787.jpg&#8221; background_position=&#8221;bottom_left&#8221; custom_margin=&#8221;||||false|false&#8221; custom_padding=&#8221;||||false|false&#8221; header_text_shadow_style=&#8221;preset1&#8243; border_radii=&#8221;on|20px|20px|20px|20px&#8221; box_shadow_style=&#8221;preset2&#8243; global_colors_info=&#8221;{}&#8221;]<\/p>\n<p>A trav\u00e9s de presentaciones peri\u00f3dicas realizadas por personal t\u00e9cnico de nuestras representadas, Tecnigom impulsa la formaci\u00f3n de los t\u00e9cnicos uruguayos.<\/p>\n<p>A esos efectos hemos auspiciado tambi\u00e9n cursos realizados en la Universidad de la Rep\u00fablica.<\/p>\n<p>Por otra parte, la permanente capacitaci\u00f3n de su personal, en ferias, congresos y mediante cursos internacionales nos permite estar actualizados y en condiciones de aportar novedades con valor para nuestros clientes.<\/p>\n<p>[\/et_pb_cta][et_pb_button button_url=&#8221;#pop-up-45&#8243; button_text=&#8221;Saber m\u00e1s&#8221; button_alignment=&#8221;center&#8221; _builder_version=&#8221;4.17.4&#8243; _module_preset=&#8221;default&#8221; custom_button=&#8221;on&#8221; button_text_size=&#8221;32px&#8221; button_text_color=&#8221;#000000&#8243; button_bg_color=&#8221;#FFFFFF&#8221; button_border_color=&#8221;#000000&#8243; button_border_radius=&#8221;14px&#8221; button_icon=&#8221;&#x3d;||divi||400&#8243; global_colors_info=&#8221;{}&#8221;][\/et_pb_button][\/et_pb_column][\/et_pb_row][\/et_pb_section][et_pb_section fb_built=&#8221;1&#8243; admin_label=&#8221;Popup &#8211; #pop-up-45&#8243; module_id=&#8221;pop-up-45&#8243; module_class=&#8221;popup&#8221; _builder_version=&#8221;4.17.4&#8243; _module_preset=&#8221;default&#8221; background_enable_mask_style=&#8221;on&#8221; background_mask_style=&#8221;diagonal-pills&#8221; background_mask_color=&#8221;rgba(12,113,195,0.26)&#8221; background_mask_size=&#8221;cover&#8221; width=&#8221;80%&#8221; top_divider_color=&#8221;rgba(0,0,0,0.22)&#8221; da_is_popup=&#8221;on&#8221; da_popup_slug=&#8221;pop-up-45&#8243; da_disable_devices=&#8221;off|off|off&#8221; border_radii=&#8221;on|20px|20px|20px|20px&#8221; global_colors_info=&#8221;{}&#8221; da_exit_intent=&#8221;off&#8221; da_has_close=&#8221;on&#8221; da_alt_close=&#8221;off&#8221; da_dark_close=&#8221;off&#8221; da_not_modal=&#8221;on&#8221; da_is_singular=&#8221;off&#8221; da_with_loader=&#8221;off&#8221; da_has_shadow=&#8221;on&#8221;][et_pb_row _builder_version=&#8221;4.17.4&#8243; _module_preset=&#8221;default&#8221; background_color=&#8221;#000000&#8243; background_image=&#8221;http:\/\/www.tecnigom.com.uy\/web\/wp-content\/uploads\/2022\/06\/212454.jpg&#8221; width=&#8221;auto&#8221; custom_padding=&#8221;30px|30px|30px|30px|false|false&#8221; border_radii=&#8221;on|20px|20px|20px|20px&#8221; border_width_all=&#8221;1px&#8221; border_color_all=&#8221;#000000&#8243; box_shadow_style=&#8221;preset3&#8243; global_colors_info=&#8221;{}&#8221;][et_pb_column type=&#8221;4_4&#8243; _builder_version=&#8221;4.17.4&#8243; _module_preset=&#8221;default&#8221; global_colors_info=&#8221;{}&#8221;][et_pb_cta title=&#8221;CURSOS&#8221; button_text=&#8221;Click Here&#8221; _builder_version=&#8221;4.17.4&#8243; _module_preset=&#8221;default&#8221; body_text_align=&#8221;left&#8221; background_color=&#8221;rgba(0,125,171,0.69)&#8221; global_colors_info=&#8221;{}&#8221;]<\/p>\n<p>Auxiliares de proceso: dictado en la C\u00e1mara de Industrias del Uruguay.<\/p>\n<p>Isobar\u00ae Heat Transfer Technology: en la C\u00e1mara de Industrias del Uruguay.<\/p>\n<p>Utilizaci\u00f3n de la reometr\u00eda en la industria del caucho: en la Agrupaci\u00f3n Universitaria del Uruguay.<\/p>\n<p>Seminario de formulaciones en la industria del caucho: en el Instituto de Ensayos de Materiales de la Facultad de Ingenier\u00eda.<\/p>\n<p>Acelerantes y antioxidantes en la industria del caucho: en el Instituto de Ensayos de Materiales de la Facultad de Ingenier\u00eda.<\/p>\n<p>Variables que afectan la adhesi\u00f3n goma \u2013 metal: en la C\u00e1mara de Industrias del Uruguay<\/p>\n<p>Soluci\u00f3n de problemas en la adhesi\u00f3n goma \u2013 metal: en el Hotel Meli\u00e1<\/p>\n<p><strong><em>Adem\u00e1s de los cursos \u2013 y tan importantes como ellos \u2013 son las frecuentes visitas de t\u00e9cnicos del exterior a las plantas de nuestros clientes a efectos de solucionar los problemas puntuales que se les presentan.<\/em><\/strong><\/p>\n<p><strong><em><\/em><\/strong><\/p>\n<p><strong><em>&#8211; COPE &#8211; Equipamiento para industria del caucho en C\u00e1mara de Industrias del Uruguay.<br \/>&#8211; HIMAPEL &#8211; Equipamiento para reconstrucci\u00f3n de neum\u00e1ticos en C\u00e1mara de Industrias del Uruguay.<br \/>&#8211; Introducci\u00f3n al Dise\u00f1o de Experimentos en Asociaci\u00f3n de Ingenieros Qu\u00edmicos.<br \/>&#8211; Webinar Dise\u00f1o de Experimentos aplicado a la industria del caucho.<\/em><\/strong><\/p>\n<p>[\/et_pb_cta][et_pb_image src=&#8221;http:\/\/www.tecnigom.com.uy\/web\/wp-content\/uploads\/2022\/05\/logo_2022_white.png&#8221; title_text=&#8221;logo_2022_white&#8221; align=&#8221;center&#8221; _builder_version=&#8221;4.17.4&#8243; _module_preset=&#8221;default&#8221; width=&#8221;40%&#8221; global_colors_info=&#8221;{}&#8221;][\/et_pb_image][\/et_pb_column][\/et_pb_row][\/et_pb_section][et_pb_section fb_built=&#8221;1&#8243; fullwidth=&#8221;on&#8221; _builder_version=&#8221;4.17.4&#8243; _module_preset=&#8221;default&#8221; da_disable_devices=&#8221;off|off|off&#8221; global_colors_info=&#8221;{}&#8221; da_is_popup=&#8221;off&#8221; da_exit_intent=&#8221;off&#8221; da_has_close=&#8221;on&#8221; da_alt_close=&#8221;off&#8221; da_dark_close=&#8221;off&#8221; da_not_modal=&#8221;on&#8221; da_is_singular=&#8221;off&#8221; da_with_loader=&#8221;off&#8221; da_has_shadow=&#8221;on&#8221;][et_pb_fullwidth_image src=&#8221;http:\/\/www.tecnigom.com.uy\/web\/wp-content\/uploads\/2022\/05\/2154.jpg&#8221; title_text=&#8221;2154&#8243; _builder_version=&#8221;4.17.4&#8243; _module_preset=&#8221;default&#8221; global_colors_info=&#8221;{}&#8221;][\/et_pb_fullwidth_image][\/et_pb_section]<\/p>\n","protected":false},"excerpt":{"rendered":"<p>Tecnigom Ltda. comenz\u00f3 sus actividades en el a\u00f1o 1992. Es una empresa t\u00e9cnico-comercial al servicio de la Industria Uruguaya. Se inici\u00f3 con el asesoramiento t\u00e9cnico y ensayos para la industria del caucho, incorporando con el paso del tiempo materias primas para esta y otras industrias como ser las del pl\u00e1stico y la pintura. Desde sus [&hellip;]<\/p>\n","protected":false},"author":1,"featured_media":0,"parent":0,"menu_order":0,"comment_status":"closed","ping_status":"closed","template":"","meta":{"_et_pb_use_builder":"on","_et_pb_old_content":"","_et_gb_content_width":""},"_links":{"self":[{"href":"http:\/\/www.tecnigom.com.uy\/web\/wp-json\/wp\/v2\/pages\/861"}],"collection":[{"href":"http:\/\/www.tecnigom.com.uy\/web\/wp-json\/wp\/v2\/pages"}],"about":[{"href":"http:\/\/www.tecnigom.com.uy\/web\/wp-json\/wp\/v2\/types\/page"}],"author":[{"embeddable":true,"href":"http:\/\/www.tecnigom.com.uy\/web\/wp-json\/wp\/v2\/users\/1"}],"replies":[{"embeddable":true,"href":"http:\/\/www.tecnigom.com.uy\/web\/wp-json\/wp\/v2\/comments?post=861"}],"version-history":[{"count":72,"href":"http:\/\/www.tecnigom.com.uy\/web\/wp-json\/wp\/v2\/pages\/861\/revisions"}],"predecessor-version":[{"id":247724,"href":"http:\/\/www.tecnigom.com.uy\/web\/wp-json\/wp\/v2\/pages\/861\/revisions\/247724"}],"wp:attachment":[{"href":"http:\/\/www.tecnigom.com.uy\/web\/wp-json\/wp\/v2\/media?parent=861"}],"curies":[{"name":"wp","href":"https:\/\/api.w.org\/{rel}","templated":true}]}}