{"id":832,"date":"2022-05-23T17:43:24","date_gmt":"2022-05-23T17:43:24","guid":{"rendered":"http:\/\/www.tecnigom.com.uy\/web\/?page_id=832"},"modified":"2023-01-02T14:43:55","modified_gmt":"2023-01-02T14:43:55","slug":"832-2","status":"publish","type":"page","link":"http:\/\/www.tecnigom.com.uy\/web\/","title":{"rendered":"Inicio"},"content":{"rendered":"<p>[et_pb_section fb_built=&#8221;1&#8243; _builder_version=&#8221;4.17.4&#8243; _module_preset=&#8221;default&#8221; background_enable_color=&#8221;off&#8221; background_image=&#8221;http:\/\/www.tecnigom.com.uy\/web\/wp-content\/uploads\/2022\/05\/cropped-02154525151.jpg&#8221; parallax=&#8221;on&#8221; background_enable_mask_style=&#8221;on&#8221; background_mask_style=&#8221;chevrons&#8221; background_mask_color=&#8221;rgba(12,113,195,0.56)&#8221; custom_margin=&#8221;||||false|false&#8221; custom_padding=&#8221;||||false|false&#8221; da_disable_devices=&#8221;off|off|off&#8221; box_shadow_style=&#8221;preset3&#8243; global_colors_info=&#8221;{}&#8221; da_is_popup=&#8221;off&#8221; da_exit_intent=&#8221;off&#8221; da_has_close=&#8221;on&#8221; da_alt_close=&#8221;off&#8221; da_dark_close=&#8221;off&#8221; da_not_modal=&#8221;on&#8221; da_is_singular=&#8221;off&#8221; da_with_loader=&#8221;off&#8221; da_has_shadow=&#8221;on&#8221;][et_pb_row _builder_version=&#8221;4.17.4&#8243; _module_preset=&#8221;default&#8221; background_color=&#8221;rgba(0,126,174,0.48)&#8221; custom_margin=&#8221;0px||||false|false&#8221; custom_padding=&#8221;0px||||false|false&#8221; border_radii=&#8221;on|10px|10px|10px|10px&#8221; border_color_all=&#8221;RGBA(255,255,255,0)&#8221; box_shadow_style=&#8221;preset3&#8243; global_colors_info=&#8221;{}&#8221;][et_pb_column type=&#8221;4_4&#8243; _builder_version=&#8221;4.17.4&#8243; _module_preset=&#8221;default&#8221; global_colors_info=&#8221;{}&#8221;][et_pb_slider show_image_video_mobile=&#8221;on&#8221; _builder_version=&#8221;4.17.4&#8243; _module_preset=&#8221;default&#8221; background_color=&#8221;rgba(0,0,0,0.51)&#8221; custom_button=&#8221;on&#8221; button_border_radius=&#8221;10px&#8221; auto=&#8221;on&#8221; auto_speed=&#8221;6000&#8243; link_option_url=&#8221;http:\/\/www.tecnigom.com.uy\/web\/nuestra-empresa\/&#8221; global_colors_info=&#8221;{}&#8221;][et_pb_slide heading=&#8221;Bienvenidos a TECNIGOM&#8221; button_text=&#8221;Saber m\u00e1s&#8221; button_link=&#8221;http:\/\/www.tecnigom.com.uy\/web\/nuestra-empresa\/&#8221; image=&#8221;http:\/\/www.tecnigom.com.uy\/web\/wp-content\/uploads\/2022\/05\/cropped-cropped-paint.png&#8221; use_bg_overlay=&#8221;off&#8221; _builder_version=&#8221;4.17.4&#8243; _module_preset=&#8221;default&#8221; header_font_size=&#8221;40px&#8221; border_radii_image=&#8221;on|10px|10px|10px|10px&#8221; box_shadow_style_image=&#8221;preset3&#8243; global_colors_info=&#8221;{}&#8221; sticky_transition=&#8221;on&#8221;]<\/p>\n<p>Tecnigom Ltda. comenz\u00f3 sus actividades en el a\u00f1o 1992. Es una empresa t\u00e9cnico-comercial al servicio de la Industria Uruguaya.<\/p>\n<p>[\/et_pb_slide][\/et_pb_slider][\/et_pb_column][\/et_pb_row][\/et_pb_section][et_pb_section fb_built=&#8221;1&#8243; _builder_version=&#8221;4.17.4&#8243; _module_preset=&#8221;default&#8221; da_disable_devices=&#8221;off|off|off&#8221; global_colors_info=&#8221;{}&#8221; da_is_popup=&#8221;off&#8221; da_exit_intent=&#8221;off&#8221; da_has_close=&#8221;on&#8221; da_alt_close=&#8221;off&#8221; da_dark_close=&#8221;off&#8221; da_not_modal=&#8221;on&#8221; da_is_singular=&#8221;off&#8221; da_with_loader=&#8221;off&#8221; da_has_shadow=&#8221;on&#8221;][et_pb_row _builder_version=&#8221;4.17.4&#8243; _module_preset=&#8221;default&#8221; global_colors_info=&#8221;{}&#8221;][et_pb_column type=&#8221;4_4&#8243; _builder_version=&#8221;4.17.4&#8243; _module_preset=&#8221;default&#8221; global_colors_info=&#8221;{}&#8221;][et_pb_text _builder_version=&#8221;4.17.4&#8243; _module_preset=&#8221;default&#8221; global_colors_info=&#8221;{}&#8221;]<\/p>\n<h1 style=\"text-align: center;\">Nuestras principales marcas<\/h1>\n<p>[\/et_pb_text][et_pb_code _builder_version=&#8221;4.17.4&#8243; _module_preset=&#8221;default&#8221; border_radii=&#8221;on|10px|10px|10px|10px&#8221; global_colors_info=&#8221;{}&#8221;]<div class=\"wpcp-carousel-wrapper wpcp-wrapper-247214\">\n\t<div id=\"wpcp-preloader-247214\" class=\"wpcp-carousel-preloader\"><img src=\"http:\/\/www.tecnigom.com.uy\/web\/wp-content\/plugins\/wp-carousel-free\/public\/css\/spinner.svg\" alt=\"Preloader Image\"\/><\/div>\t<div class=\"wpcp-carousel-content-wrapper\">\n\t<div id=\"sp-wp-carousel-free-id-247214\" class=\"wpcp-carousel-section sp-wpcp-247214  nav-vertical-center wpcp-image-carousel wpcp-preloader wpcp-standard\" data-swiper='{ \"accessibility\":true, \"spaceBetween\":20, \"arrows\":true, \"freeMode\": false, \"autoplay\":true, \"autoplaySpeed\":3000, \"dots\":true, \"infinite\":true, \"speed\":600, \"pauseOnHover\":true,\n\t\t\t\"slidesToShow\":{\"lg_desktop\":5, \"desktop\": 4, \"laptop\": 3, \"tablet\": 2, \"mobile\": 1}, \"responsive\":{\"desktop\":1200, \"laptop\": 980, \"tablet\": 736, \"mobile\": 480}, \"rtl\":false, \"lazyLoad\": \"false\", \"swipe\": true, \"draggable\": true, \"swipeToSlide\":false }'   dir=\"ltr\">\n\t\t<div class=\"swiper-wrapper\">\n\t\t<div class=\"swiper-slide\">\n\t<div class=\"wpcp-single-item\">\n\t\t<div class=\"wpcp-slide-image\">\n\t<img loading=\"lazy\" class=\"skip-lazy\" src=\"http:\/\/www.tecnigom.com.uy\/web\/wp-content\/uploads\/2022\/08\/tecnigom_01.png\" alt=\"tecnigom_01\" width=\"600\" height=\"600\"><\/div>\n\t<\/div>\n<\/div>\n\t<div class=\"swiper-slide\">\n\t<div class=\"wpcp-single-item\">\n\t\t<div class=\"wpcp-slide-image\">\n\t<img loading=\"lazy\" class=\"skip-lazy\" src=\"http:\/\/www.tecnigom.com.uy\/web\/wp-content\/uploads\/2022\/08\/tecnigom_02.png\" alt=\"tecnigom_02\" width=\"600\" height=\"600\"><\/div>\n\t<\/div>\n<\/div>\n\t<div class=\"swiper-slide\">\n\t<div class=\"wpcp-single-item\">\n\t\t<div class=\"wpcp-slide-image\">\n\t<img loading=\"lazy\" class=\"skip-lazy\" src=\"http:\/\/www.tecnigom.com.uy\/web\/wp-content\/uploads\/2022\/08\/tecnigom_04.png\" alt=\"tecnigom_04\" width=\"600\" height=\"600\"><\/div>\n\t<\/div>\n<\/div>\n\t<div class=\"swiper-slide\">\n\t<div class=\"wpcp-single-item\">\n\t\t<div class=\"wpcp-slide-image\">\n\t<img loading=\"lazy\" class=\"skip-lazy\" src=\"http:\/\/www.tecnigom.com.uy\/web\/wp-content\/uploads\/2022\/08\/tecnigom_05.png\" alt=\"tecnigom_05\" width=\"600\" height=\"600\"><\/div>\n\t<\/div>\n<\/div>\n\t<div class=\"swiper-slide\">\n\t<div class=\"wpcp-single-item\">\n\t\t<div class=\"wpcp-slide-image\">\n\t<img loading=\"lazy\" class=\"skip-lazy\" src=\"http:\/\/www.tecnigom.com.uy\/web\/wp-content\/uploads\/2022\/08\/tecnigom_06.png\" alt=\"tecnigom_06\" width=\"600\" height=\"600\"><\/div>\n\t<\/div>\n<\/div>\n\t<div class=\"swiper-slide\">\n\t<div class=\"wpcp-single-item\">\n\t\t<div class=\"wpcp-slide-image\">\n\t<img loading=\"lazy\" class=\"skip-lazy\" src=\"http:\/\/www.tecnigom.com.uy\/web\/wp-content\/uploads\/2022\/08\/tecnigom_07.png\" alt=\"tecnigom_07\" width=\"600\" height=\"600\"><\/div>\n\t<\/div>\n<\/div>\n\t<div class=\"swiper-slide\">\n\t<div class=\"wpcp-single-item\">\n\t\t<div class=\"wpcp-slide-image\">\n\t<img loading=\"lazy\" class=\"skip-lazy\" src=\"http:\/\/www.tecnigom.com.uy\/web\/wp-content\/uploads\/2022\/08\/tecnigom_08.png\" alt=\"tecnigom_08\" width=\"600\" height=\"600\"><\/div>\n\t<\/div>\n<\/div>\n\t<div class=\"swiper-slide\">\n\t<div class=\"wpcp-single-item\">\n\t\t<div class=\"wpcp-slide-image\">\n\t<img loading=\"lazy\" class=\"skip-lazy\" src=\"http:\/\/www.tecnigom.com.uy\/web\/wp-content\/uploads\/2022\/08\/tecnigom_09.png\" alt=\"tecnigom_09\" width=\"600\" height=\"600\"><\/div>\n\t<\/div>\n<\/div>\n\t<div class=\"swiper-slide\">\n\t<div class=\"wpcp-single-item\">\n\t\t<div class=\"wpcp-slide-image\">\n\t<img loading=\"lazy\" class=\"skip-lazy\" src=\"http:\/\/www.tecnigom.com.uy\/web\/wp-content\/uploads\/2022\/08\/tecnigom_10.png\" alt=\"tecnigom_10\" width=\"600\" height=\"600\"><\/div>\n\t<\/div>\n<\/div>\n\t<div class=\"swiper-slide\">\n\t<div class=\"wpcp-single-item\">\n\t\t<div class=\"wpcp-slide-image\">\n\t<img loading=\"lazy\" class=\"skip-lazy\" src=\"http:\/\/www.tecnigom.com.uy\/web\/wp-content\/uploads\/2022\/08\/tecnigom_03-1.png\" alt=\"tecnigom_03\" width=\"600\" height=\"600\"><\/div>\n\t<\/div>\n<\/div>\n\t<div class=\"swiper-slide\">\n\t<div class=\"wpcp-single-item\">\n\t\t<div class=\"wpcp-slide-image\">\n\t<img loading=\"lazy\" class=\"skip-lazy\" src=\"http:\/\/www.tecnigom.com.uy\/web\/wp-content\/uploads\/2022\/10\/2154587854.jpg\" alt=\"2154587854\" width=\"600\" height=\"600\"><\/div>\n\t<\/div>\n<\/div>\n\t\t\t<\/div>\n\t\t\t\t\t<div class=\"wpcp-swiper-dots swiper-pagination\"><\/div>\n\t\t\t\t<!-- If we need navigation buttons -->\n\t\t\t\t\t<div class=\"wpcp-prev-button swiper-button-prev\"><i class=\"fa fa-angle-left\"><\/i><\/div>\n\t\t\t<div class=\"wpcp-next-button swiper-button-next\"><i class=\"fa fa-angle-right\"><\/i><\/div>\n\t\t\t<\/div>\n\t<\/div>\n<\/div>\n[\/et_pb_code][\/et_pb_column][\/et_pb_row][et_pb_row _builder_version=&#8221;4.17.4&#8243; _module_preset=&#8221;default&#8221; global_colors_info=&#8221;{}&#8221;][et_pb_column type=&#8221;4_4&#8243; _builder_version=&#8221;4.17.4&#8243; _module_preset=&#8221;default&#8221; global_colors_info=&#8221;{}&#8221;][et_pb_button button_url=&#8221;http:\/\/www.tecnigom.com.uy\/web\/productos\/&#8221; button_text=&#8221;Nuestros productos aqu\u00ed&#8221; button_alignment=&#8221;center&#8221; _builder_version=&#8221;4.17.4&#8243; _module_preset=&#8221;default&#8221; custom_button=&#8221;on&#8221; button_border_radius=&#8221;10px&#8221; global_colors_info=&#8221;{}&#8221;][\/et_pb_button][\/et_pb_column][\/et_pb_row][\/et_pb_section][et_pb_section fb_built=&#8221;1&#8243; fullwidth=&#8221;on&#8221; _builder_version=&#8221;4.17.4&#8243; _module_preset=&#8221;default&#8221; da_disable_devices=&#8221;off|off|off&#8221; global_colors_info=&#8221;{}&#8221; da_is_popup=&#8221;off&#8221; da_exit_intent=&#8221;off&#8221; da_has_close=&#8221;on&#8221; da_alt_close=&#8221;off&#8221; da_dark_close=&#8221;off&#8221; da_not_modal=&#8221;on&#8221; da_is_singular=&#8221;off&#8221; da_with_loader=&#8221;off&#8221; da_has_shadow=&#8221;on&#8221;][et_pb_fullwidth_slider show_image_video_mobile=&#8221;on&#8221; _builder_version=&#8221;4.17.4&#8243; _module_preset=&#8221;default&#8221; custom_button=&#8221;on&#8221; button_border_radius=&#8221;10px&#8221; auto=&#8221;on&#8221; auto_speed=&#8221;5000&#8243; auto_ignore_hover=&#8221;on&#8221; box_shadow_style=&#8221;preset3&#8243; global_colors_info=&#8221;{}&#8221;][et_pb_slide heading=&#8221;Nuestros Productos&#8221; button_text=&#8221;Saber m\u00e1s&#8221; button_link=&#8221;http:\/\/www.tecnigom.com.uy\/web\/productos\/&#8221; use_bg_overlay=&#8221;on&#8221; _builder_version=&#8221;4.17.4&#8243; _module_preset=&#8221;default&#8221; header_font_size=&#8221;43px&#8221; background_image=&#8221;http:\/\/www.tecnigom.com.uy\/web\/wp-content\/uploads\/2022\/05\/212454754.jpg&#8221; background_enable_image=&#8221;on&#8221; global_colors_info=&#8221;{}&#8221; sticky_transition=&#8221;on&#8221;]<\/p>\n<p>Distribuimos, entre otros, los siguientes productos para la Industria del Caucho<\/p>\n<p>[\/et_pb_slide][et_pb_slide heading=&#8221;Distribuci\u00f3n&#8221; button_text=&#8221;Saber m\u00e1s&#8221; button_link=&#8221;http:\/\/www.tecnigom.com.uy\/web\/contacto\/&#8221; use_bg_overlay=&#8221;on&#8221; _builder_version=&#8221;4.17.4&#8243; _module_preset=&#8221;default&#8221; header_font_size=&#8221;43px&#8221; background_image=&#8221;http:\/\/www.tecnigom.com.uy\/web\/wp-content\/uploads\/2022\/06\/0215457.jpg&#8221; background_enable_image=&#8221;on&#8221; global_colors_info=&#8221;{}&#8221; sticky_transition=&#8221;on&#8221;]<\/p>\n<p>Distribuimos, productos para la Industria de la Pintura<\/p>\n<p>[\/et_pb_slide][et_pb_slide heading=&#8221;Dise\u00f1o de Experimentos&#8221; button_text=&#8221;Saber m\u00e1s&#8221; button_link=&#8221;http:\/\/www.tecnigom.com.uy\/web\/disenio-de-experimentos\/&#8221; use_bg_overlay=&#8221;on&#8221; _builder_version=&#8221;4.17.4&#8243; _module_preset=&#8221;default&#8221; header_font_size=&#8221;43px&#8221; background_image=&#8221;http:\/\/www.tecnigom.com.uy\/web\/wp-content\/uploads\/2022\/06\/paint6.jpg&#8221; background_enable_image=&#8221;on&#8221; global_colors_info=&#8221;{}&#8221; sticky_transition=&#8221;on&#8221;]<\/p>\n<p><span lang=\"ES-UY\">Design Expert y Statease 360<\/span><\/p>\n<p>[\/et_pb_slide][\/et_pb_fullwidth_slider][\/et_pb_section][et_pb_section fb_built=&#8221;1&#8243; _builder_version=&#8221;4.17.4&#8243; _module_preset=&#8221;default&#8221; background_color=&#8221;RGBA(255,255,255,0)&#8221; background_enable_pattern_style=&#8221;on&#8221; background_pattern_style=&#8221;honeycomb&#8221; background_pattern_color=&#8221;rgba(0,0,0,0.06)&#8221; top_divider_style=&#8221;arrow3&#8243; top_divider_color=&#8221;#000000&#8243; top_divider_height=&#8221;54px&#8221; top_divider_flip=&#8221;vertical&#8221; bottom_divider_style=&#8221;wave2&#8243; bottom_divider_color=&#8221;RGBA(255,255,255,0)&#8221; da_disable_devices=&#8221;off|off|off&#8221; box_shadow_style=&#8221;preset3&#8243; global_colors_info=&#8221;{}&#8221; da_is_popup=&#8221;off&#8221; da_exit_intent=&#8221;off&#8221; da_has_close=&#8221;on&#8221; da_alt_close=&#8221;off&#8221; da_dark_close=&#8221;off&#8221; da_not_modal=&#8221;on&#8221; da_is_singular=&#8221;off&#8221; da_with_loader=&#8221;off&#8221; da_has_shadow=&#8221;on&#8221;][et_pb_row _builder_version=&#8221;4.17.4&#8243; _module_preset=&#8221;default&#8221; global_colors_info=&#8221;{}&#8221;][et_pb_column type=&#8221;4_4&#8243; _builder_version=&#8221;4.17.4&#8243; _module_preset=&#8221;default&#8221; global_colors_info=&#8221;{}&#8221;][et_pb_text _builder_version=&#8221;4.17.4&#8243; _module_preset=&#8221;default&#8221; header_3_font_size=&#8221;36px&#8221; custom_margin=&#8221;30px||||false|false&#8221; custom_padding=&#8221;||2px|||&#8221; global_colors_info=&#8221;{}&#8221;]<\/p>\n<h3 style=\"text-align: center;\">TECNIGOM Ltda.\u00a0 Espinillo 1370<\/h3>\n<h4 style=\"text-align: center;\"><span lang=\"ES-UY\">Tel: (+598) 2209 3874 \u2013 Montevideo \u2013 Uruguay<\/span><\/h4>\n<p>[\/et_pb_text][\/et_pb_column][\/et_pb_row][\/et_pb_section][et_pb_section fb_built=&#8221;1&#8243; _builder_version=&#8221;4.17.4&#8243; _module_preset=&#8221;default&#8221; da_disable_devices=&#8221;off|off|off&#8221; global_colors_info=&#8221;{}&#8221; da_is_popup=&#8221;off&#8221; da_exit_intent=&#8221;off&#8221; da_has_close=&#8221;on&#8221; da_alt_close=&#8221;off&#8221; da_dark_close=&#8221;off&#8221; da_not_modal=&#8221;on&#8221; da_is_singular=&#8221;off&#8221; da_with_loader=&#8221;off&#8221; da_has_shadow=&#8221;on&#8221;][et_pb_row column_structure=&#8221;3_5,2_5&#8243; _builder_version=&#8221;4.17.4&#8243; _module_preset=&#8221;default&#8221; global_colors_info=&#8221;{}&#8221;][et_pb_column type=&#8221;3_5&#8243; _builder_version=&#8221;4.17.4&#8243; _module_preset=&#8221;default&#8221; global_colors_info=&#8221;{}&#8221;][et_pb_contact_form email=&#8221;tecnigom@tecnigom.com&#8221; title=&#8221;Cont\u00e1cto&#8221; success_message=&#8221;Gracias por su mensaje, en breve le responderemos.&#8221; submit_button_text=&#8221;Enviar&#8221; _builder_version=&#8221;4.17.4&#8243; _module_preset=&#8221;default&#8221; _unique_id=&#8221;687dab52-ea77-4519-8c10-981ddc293281&#8243; custom_button=&#8221;on&#8221; button_border_radius=&#8221;10px&#8221; global_colors_info=&#8221;{}&#8221;][et_pb_contact_field field_id=&#8221;Nombre&#8221; field_title=&#8221;Nombre&#8221; _builder_version=&#8221;4.17.4&#8243; global_colors_info=&#8221;{}&#8221; button_text_size__hover_enabled=&#8221;off&#8221; button_one_text_size__hover_enabled=&#8221;off&#8221; button_two_text_size__hover_enabled=&#8221;off&#8221; button_text_color__hover_enabled=&#8221;off&#8221; button_one_text_color__hover_enabled=&#8221;off&#8221; button_two_text_color__hover_enabled=&#8221;off&#8221; button_border_width__hover_enabled=&#8221;off&#8221; button_one_border_width__hover_enabled=&#8221;off&#8221; button_two_border_width__hover_enabled=&#8221;off&#8221; button_border_color__hover_enabled=&#8221;off&#8221; button_one_border_color__hover_enabled=&#8221;off&#8221; button_two_border_color__hover_enabled=&#8221;off&#8221; button_border_radius__hover_enabled=&#8221;off&#8221; button_one_border_radius__hover_enabled=&#8221;off&#8221; button_two_border_radius__hover_enabled=&#8221;off&#8221; button_letter_spacing__hover_enabled=&#8221;off&#8221; button_one_letter_spacing__hover_enabled=&#8221;off&#8221; button_two_letter_spacing__hover_enabled=&#8221;off&#8221; button_bg_color__hover_enabled=&#8221;off&#8221; button_one_bg_color__hover_enabled=&#8221;off&#8221; button_two_bg_color__hover_enabled=&#8221;off&#8221;][\/et_pb_contact_field][et_pb_contact_field field_id=&#8221;Email&#8221; field_title=&#8221;Email&#8221; field_type=&#8221;email&#8221; _builder_version=&#8221;4.17.4&#8243; global_colors_info=&#8221;{}&#8221; button_text_size__hover_enabled=&#8221;off&#8221; button_one_text_size__hover_enabled=&#8221;off&#8221; button_two_text_size__hover_enabled=&#8221;off&#8221; button_text_color__hover_enabled=&#8221;off&#8221; button_one_text_color__hover_enabled=&#8221;off&#8221; button_two_text_color__hover_enabled=&#8221;off&#8221; button_border_width__hover_enabled=&#8221;off&#8221; button_one_border_width__hover_enabled=&#8221;off&#8221; button_two_border_width__hover_enabled=&#8221;off&#8221; button_border_color__hover_enabled=&#8221;off&#8221; button_one_border_color__hover_enabled=&#8221;off&#8221; button_two_border_color__hover_enabled=&#8221;off&#8221; button_border_radius__hover_enabled=&#8221;off&#8221; button_one_border_radius__hover_enabled=&#8221;off&#8221; button_two_border_radius__hover_enabled=&#8221;off&#8221; button_letter_spacing__hover_enabled=&#8221;off&#8221; button_one_letter_spacing__hover_enabled=&#8221;off&#8221; button_two_letter_spacing__hover_enabled=&#8221;off&#8221; button_bg_color__hover_enabled=&#8221;off&#8221; button_one_bg_color__hover_enabled=&#8221;off&#8221; button_two_bg_color__hover_enabled=&#8221;off&#8221;][\/et_pb_contact_field][et_pb_contact_field field_id=&#8221;Mensaje&#8221; field_title=&#8221;Mensaje&#8221; field_type=&#8221;text&#8221; fullwidth_field=&#8221;on&#8221; _builder_version=&#8221;4.17.4&#8243; global_colors_info=&#8221;{}&#8221; button_text_size__hover_enabled=&#8221;off&#8221; button_one_text_size__hover_enabled=&#8221;off&#8221; button_two_text_size__hover_enabled=&#8221;off&#8221; button_text_color__hover_enabled=&#8221;off&#8221; button_one_text_color__hover_enabled=&#8221;off&#8221; button_two_text_color__hover_enabled=&#8221;off&#8221; button_border_width__hover_enabled=&#8221;off&#8221; button_one_border_width__hover_enabled=&#8221;off&#8221; button_two_border_width__hover_enabled=&#8221;off&#8221; button_border_color__hover_enabled=&#8221;off&#8221; button_one_border_color__hover_enabled=&#8221;off&#8221; button_two_border_color__hover_enabled=&#8221;off&#8221; button_border_radius__hover_enabled=&#8221;off&#8221; button_one_border_radius__hover_enabled=&#8221;off&#8221; button_two_border_radius__hover_enabled=&#8221;off&#8221; button_letter_spacing__hover_enabled=&#8221;off&#8221; button_one_letter_spacing__hover_enabled=&#8221;off&#8221; button_two_letter_spacing__hover_enabled=&#8221;off&#8221; button_bg_color__hover_enabled=&#8221;off&#8221; button_one_bg_color__hover_enabled=&#8221;off&#8221; button_two_bg_color__hover_enabled=&#8221;off&#8221;][\/et_pb_contact_field][\/et_pb_contact_form][\/et_pb_column][et_pb_column type=&#8221;2_5&#8243; _builder_version=&#8221;4.17.4&#8243; _module_preset=&#8221;default&#8221; global_colors_info=&#8221;{}&#8221;][et_pb_code _builder_version=&#8221;4.17.4&#8243; _module_preset=&#8221;default&#8221; global_colors_info=&#8221;{}&#8221;]<iframe src=\"https:\/\/www.google.com\/maps\/embed?pb=!1m18!1m12!1m3!1d26192.468328375442!2d-56.17825557104705!3d-34.85475634528098!2m3!1f0!2f0!3f0!3m2!1i1024!2i768!4f13.1!3m3!1m2!1s0x959f80061fd0e70d%3A0x1bb56b04f8f5ea22!2sEspinillo%201370%2C%2011700%20Montevideo%2C%20Departamento%20de%20Montevideo!5e0!3m2!1ses-419!2suy!4v1653333015793!5m2!1ses-419!2suy\" width=\"600\" height=\"450\" style=\"border:0;\" allowfullscreen=\"\" loading=\"lazy\" referrerpolicy=\"no-referrer-when-downgrade\"><\/iframe>[\/et_pb_code][\/et_pb_column][\/et_pb_row][\/et_pb_section]<\/p>\n","protected":false},"excerpt":{"rendered":"<p>Tecnigom Ltda. comenz\u00f3 sus actividades en el a\u00f1o 1992. Es una empresa t\u00e9cnico-comercial al servicio de la Industria Uruguaya.Nuestras principales marcas<div class=\"wpcp-carousel-wrapper wpcp-wrapper-247214\">\n\t<div id=\"wpcp-preloader-247214\" class=\"wpcp-carousel-preloader\"><img src=\"http:\/\/www.tecnigom.com.uy\/web\/wp-content\/plugins\/wp-carousel-free\/public\/css\/spinner.svg\" alt=\"Preloader Image\"\/><\/div>\t<div class=\"wpcp-carousel-content-wrapper\">\n\t<div id=\"sp-wp-carousel-free-id-247214\" class=\"wpcp-carousel-section sp-wpcp-247214  nav-vertical-center wpcp-image-carousel wpcp-preloader wpcp-standard\" data-swiper='{ \"accessibility\":true, \"spaceBetween\":20, \"arrows\":true, \"freeMode\": false, \"autoplay\":true, \"autoplaySpeed\":3000, \"dots\":true, \"infinite\":true, \"speed\":600, \"pauseOnHover\":true,\n\t\t\t\"slidesToShow\":{\"lg_desktop\":5, \"desktop\": 4, \"laptop\": 3, \"tablet\": 2, \"mobile\": 1}, \"responsive\":{\"desktop\":1200, \"laptop\": 980, \"tablet\": 736, \"mobile\": 480}, \"rtl\":false, \"lazyLoad\": \"false\", \"swipe\": true, \"draggable\": true, \"swipeToSlide\":false }'   dir=\"ltr\">\n\t\t<div class=\"swiper-wrapper\">\n\t\t<div class=\"swiper-slide\">\n\t<div class=\"wpcp-single-item\">\n\t\t<div class=\"wpcp-slide-image\">\n\t<img class=\"skip-lazy\" src=\"http:\/\/www.tecnigom.com.uy\/web\/wp-content\/uploads\/2022\/08\/tecnigom_01.png\" alt=\"tecnigom_01\" width=\"600\" height=\"600\"><\/div>\n\t<\/div>\n<\/div>\n\t<div class=\"swiper-slide\">\n\t<div class=\"wpcp-single-item\">\n\t\t<div class=\"wpcp-slide-image\">\n\t<img class=\"skip-lazy\" src=\"http:\/\/www.tecnigom.com.uy\/web\/wp-content\/uploads\/2022\/08\/tecnigom_02.png\" alt=\"tecnigom_02\" width=\"600\" height=\"600\"><\/div>\n\t<\/div>\n<\/div>\n\t<div class=\"swiper-slide\">\n\t<div class=\"wpcp-single-item\">\n\t\t<div class=\"wpcp-slide-image\">\n\t<img class=\"skip-lazy\" src=\"http:\/\/www.tecnigom.com.uy\/web\/wp-content\/uploads\/2022\/08\/tecnigom_04.png\" alt=\"tecnigom_04\" width=\"600\" height=\"600\"><\/div>\n\t<\/div>\n<\/div>\n\t<div class=\"swiper-slide\">\n\t<div class=\"wpcp-single-item\">\n\t\t<div class=\"wpcp-slide-image\">\n\t<img class=\"skip-lazy\" src=\"http:\/\/www.tecnigom.com.uy\/web\/wp-content\/uploads\/2022\/08\/tecnigom_05.png\" alt=\"tecnigom_05\" width=\"600\" height=\"600\"><\/div>\n\t<\/div>\n<\/div>\n\t<div class=\"swiper-slide\">\n\t<div class=\"wpcp-single-item\">\n\t\t<div class=\"wpcp-slide-image\">\n\t<img class=\"skip-lazy\" src=\"http:\/\/www.tecnigom.com.uy\/web\/wp-content\/uploads\/2022\/08\/tecnigom_06.png\" alt=\"tecnigom_06\" width=\"600\" height=\"600\"><\/div>\n\t<\/div>\n<\/div>\n\t<div class=\"swiper-slide\">\n\t<div class=\"wpcp-single-item\">\n\t\t<div class=\"wpcp-slide-image\">\n\t<img class=\"skip-lazy\" src=\"http:\/\/www.tecnigom.com.uy\/web\/wp-content\/uploads\/2022\/08\/tecnigom_07.png\" alt=\"tecnigom_07\" width=\"600\" height=\"600\"><\/div>\n\t<\/div>\n<\/div>\n\t<div class=\"swiper-slide\">\n\t<div class=\"wpcp-single-item\">\n\t\t<div class=\"wpcp-slide-image\">\n\t<img class=\"skip-lazy\" src=\"http:\/\/www.tecnigom.com.uy\/web\/wp-content\/uploads\/2022\/08\/tecnigom_08.png\" alt=\"tecnigom_08\" width=\"600\" height=\"600\"><\/div>\n\t<\/div>\n<\/div>\n\t<div class=\"swiper-slide\">\n\t<div class=\"wpcp-single-item\">\n\t\t<div class=\"wpcp-slide-image\">\n\t<img class=\"skip-lazy\" src=\"http:\/\/www.tecnigom.com.uy\/web\/wp-content\/uploads\/2022\/08\/tecnigom_09.png\" alt=\"tecnigom_09\" width=\"600\" height=\"600\"><\/div>\n\t<\/div>\n<\/div>\n\t<div class=\"swiper-slide\">\n\t<div class=\"wpcp-single-item\">\n\t\t<div class=\"wpcp-slide-image\">\n\t<img class=\"skip-lazy\" src=\"http:\/\/www.tecnigom.com.uy\/web\/wp-content\/uploads\/2022\/08\/tecnigom_10.png\" alt=\"tecnigom_10\" width=\"600\" height=\"600\"><\/div>\n\t<\/div>\n<\/div>\n\t<div class=\"swiper-slide\">\n\t<div class=\"wpcp-single-item\">\n\t\t<div class=\"wpcp-slide-image\">\n\t<img class=\"skip-lazy\" src=\"http:\/\/www.tecnigom.com.uy\/web\/wp-content\/uploads\/2022\/08\/tecnigom_03-1.png\" alt=\"tecnigom_03\" width=\"600\" height=\"600\"><\/div>\n\t<\/div>\n<\/div>\n\t<div class=\"swiper-slide\">\n\t<div class=\"wpcp-single-item\">\n\t\t<div class=\"wpcp-slide-image\">\n\t<img class=\"skip-lazy\" src=\"http:\/\/www.tecnigom.com.uy\/web\/wp-content\/uploads\/2022\/10\/2154587854.jpg\" alt=\"2154587854\" width=\"600\" height=\"600\"><\/div>\n\t<\/div>\n<\/div>\n\t\t\t<\/div>\n\t\t\t\t\t<div class=\"wpcp-swiper-dots swiper-pagination\"><\/div>\n\t\t\t\t<!-- If we need navigation buttons -->\n\t\t\t\t\t<div class=\"wpcp-prev-button swiper-button-prev\"><i class=\"fa fa-angle-left\"><\/i><\/div>\n\t\t\t<div class=\"wpcp-next-button swiper-button-next\"><i class=\"fa fa-angle-right\"><\/i><\/div>\n\t\t\t<\/div>\n\t<\/div>\n<\/div>\nDistribuimos, entre otros, los siguientes productos para la Industria del CauchoDistribuimos, productos para la Industria de la PinturaDesign Expert y Statease 360TECNIGOM Ltda.\u00a0 Espinillo 1370 Tel: (+598) 2209 3874 \u2013 Montevideo \u2013 Uruguay<\/p>\n","protected":false},"author":1,"featured_media":0,"parent":0,"menu_order":0,"comment_status":"closed","ping_status":"closed","template":"","meta":{"_et_pb_use_builder":"on","_et_pb_old_content":"","_et_gb_content_width":""},"_links":{"self":[{"href":"http:\/\/www.tecnigom.com.uy\/web\/wp-json\/wp\/v2\/pages\/832"}],"collection":[{"href":"http:\/\/www.tecnigom.com.uy\/web\/wp-json\/wp\/v2\/pages"}],"about":[{"href":"http:\/\/www.tecnigom.com.uy\/web\/wp-json\/wp\/v2\/types\/page"}],"author":[{"embeddable":true,"href":"http:\/\/www.tecnigom.com.uy\/web\/wp-json\/wp\/v2\/users\/1"}],"replies":[{"embeddable":true,"href":"http:\/\/www.tecnigom.com.uy\/web\/wp-json\/wp\/v2\/comments?post=832"}],"version-history":[{"count":96,"href":"http:\/\/www.tecnigom.com.uy\/web\/wp-json\/wp\/v2\/pages\/832\/revisions"}],"predecessor-version":[{"id":247742,"href":"http:\/\/www.tecnigom.com.uy\/web\/wp-json\/wp\/v2\/pages\/832\/revisions\/247742"}],"wp:attachment":[{"href":"http:\/\/www.tecnigom.com.uy\/web\/wp-json\/wp\/v2\/media?parent=832"}],"curies":[{"name":"wp","href":"https:\/\/api.w.org\/{rel}","templated":true}]}}